{"id":11027,"date":"2021-05-13T16:04:27","date_gmt":"2021-05-13T14:04:27","guid":{"rendered":"https:\/\/www.cieffeplast.com\/prodotto\/fascette-riapribili\/"},"modified":"2025-06-12T16:23:32","modified_gmt":"2025-06-12T14:23:32","slug":"abracadeiras-reutilizaveis","status":"publish","type":"product","link":"https:\/\/www.cieffeplast.com\/pt-pt\/produto\/abracadeiras-reutilizaveis\/","title":{"rendered":"Abra\u00e7adeiras reutiliz\u00e1veis"},"content":{"rendered":"\t\t<div data-elementor-type=\"wp-post\" data-elementor-id=\"11027\" class=\"elementor elementor-11027 elementor-6169\">\n\t\t\t\t\t\t<section class=\"elementor-section elementor-top-section elementor-element elementor-element-260e4f55 elementor-section-boxed elementor-section-height-default elementor-section-height-default qodef-elementor-content-no\" data-id=\"260e4f55\" data-element_type=\"section\">\n\t\t\t\t\t\t<div class=\"elementor-container elementor-column-gap-default\">\n\t\t\t\t\t<div class=\"elementor-column elementor-col-100 elementor-top-column elementor-element elementor-element-63f9c533\" data-id=\"63f9c533\" data-element_type=\"column\">\n\t\t\t<div class=\"elementor-widget-wrap elementor-element-populated\">\n\t\t\t\t\t\t\t<\/div>\n\t\t<\/div>\n\t\t\t\t\t<\/div>\n\t\t<\/section>\n\t\t\t\t<\/div>\n\t\t","protected":false},"excerpt":{"rendered":"<p>ABRA\u00c7ADEIRAS REUTILIZ\u00c1VEIS<\/p>\n<p>Abra\u00e7adeiras de cablagem produzidas em PA6.6 nas cores natural e preta, recomendam-se em natural para aplica\u00e7\u00f5es internas e em preto para aplica\u00e7\u00f5es externas. O grande bot\u00e3o de libera\u00e7\u00e3o torna-as muito pr\u00e1ticas para o seu fecho e reabertura, podendo reutiliz\u00e1-las. F\u00e1cil instala\u00e7\u00e3o manual. Podem ser usadas para fixa\u00e7\u00f5es tempor\u00e1rias, como fechamentos de bobinas de tubos ou feixes de cabos, para prepara\u00e7\u00e3o de cablagem, mantendo os cabos juntos antes da fixa\u00e7\u00e3o final, ou para uso dom\u00e9stico, como fechar e reabrir sacos.<\/p>\n","protected":false},"featured_media":11030,"template":"","meta":{"_acf_changed":false,"_sitemap_exclude":false,"_sitemap_priority":"","_sitemap_frequency":""},"product_brand":[],"product_cat":[876],"product_tag":[],"class_list":{"0":"post-11027","1":"product","2":"type-product","3":"status-publish","4":"has-post-thumbnail","6":"product_cat-abracadeiras","8":"first","9":"instock","10":"shipping-taxable","11":"purchasable","12":"product-type-variable","13":"has-default-attributes"},"acf":[],"_links":{"self":[{"href":"https:\/\/www.cieffeplast.com\/pt-pt\/wp-json\/wp\/v2\/product\/11027","targetHints":{"allow":["GET"]}}],"collection":[{"href":"https:\/\/www.cieffeplast.com\/pt-pt\/wp-json\/wp\/v2\/product"}],"about":[{"href":"https:\/\/www.cieffeplast.com\/pt-pt\/wp-json\/wp\/v2\/types\/product"}],"wp:featuredmedia":[{"embeddable":true,"href":"https:\/\/www.cieffeplast.com\/pt-pt\/wp-json\/wp\/v2\/media\/11030"}],"wp:attachment":[{"href":"https:\/\/www.cieffeplast.com\/pt-pt\/wp-json\/wp\/v2\/media?parent=11027"}],"wp:term":[{"taxonomy":"product_brand","embeddable":true,"href":"https:\/\/www.cieffeplast.com\/pt-pt\/wp-json\/wp\/v2\/product_brand?post=11027"},{"taxonomy":"product_cat","embeddable":true,"href":"https:\/\/www.cieffeplast.com\/pt-pt\/wp-json\/wp\/v2\/product_cat?post=11027"},{"taxonomy":"product_tag","embeddable":true,"href":"https:\/\/www.cieffeplast.com\/pt-pt\/wp-json\/wp\/v2\/product_tag?post=11027"}],"curies":[{"name":"wp","href":"https:\/\/api.w.org\/{rel}","templated":true}]}}