{"id":8222,"date":"2021-05-11T14:40:53","date_gmt":"2021-05-11T12:40:53","guid":{"rendered":"http:\/\/cieffeplast.com.netechlab.it\/prodotto\/fascette-didentificazione-con-targhetta-tipo-2\/"},"modified":"2022-05-06T15:34:56","modified_gmt":"2022-05-06T13:34:56","slug":"bridas-de-identificacion-con-etiqueta-tipo-2","status":"publish","type":"product","link":"https:\/\/www.cieffeplast.com\/es\/producto\/bridas-de-identificacion-con-etiqueta-tipo-2\/","title":{"rendered":"Bridas de identificaci\u00f3n con etiqueta SOBRE cabezal, tipo 2"},"content":{"rendered":"\t\t<div data-elementor-type=\"wp-post\" data-elementor-id=\"8222\" class=\"elementor elementor-8222 elementor-6044\">\n\t\t\t\t\t\t<section class=\"elementor-section elementor-top-section elementor-element elementor-element-260e4f55 elementor-section-boxed elementor-section-height-default elementor-section-height-default qodef-elementor-content-no\" data-id=\"260e4f55\" data-element_type=\"section\">\n\t\t\t\t\t\t<div class=\"elementor-container elementor-column-gap-default\">\n\t\t\t\t\t<div class=\"elementor-column elementor-col-100 elementor-top-column elementor-element elementor-element-63f9c533\" data-id=\"63f9c533\" data-element_type=\"column\">\n\t\t\t<div class=\"elementor-widget-wrap elementor-element-populated\">\n\t\t\t\t\t\t<div class=\"elementor-element elementor-element-46af96b2 elementor-widget elementor-widget-text-editor\" data-id=\"46af96b2\" data-element_type=\"widget\" data-widget_type=\"text-editor.default\">\n\t\t\t\t<div class=\"elementor-widget-container\">\n\t\t\t\t\t\t\t\t\tLorem ipsum dolor sit amet, consectetur adipiscing elit. Vestibulum tempus enim massa, sed finibus leo consectetur a. Fusce quis vulputate urna, sed iaculis ante. Etiam ultricies nunc augue, non ultrices arcu euismod non. Quisque id magna aliquet, dignissim turpis nec, mollis est. Cras vitae est rhoncus<em><strong>. <\/strong><\/em>Lorem ipsum dolor sit amet, consectetur adipiscing elit. Donec ac imperdiet nisi. Etiam egestas consequat elit non dictum. Suspendisse convallis elit\t\t\t\t\t\t\t\t<\/div>\n\t\t\t\t<\/div>\n\t\t\t\t\t<\/div>\n\t\t<\/div>\n\t\t\t\t\t<\/div>\n\t\t<\/section>\n\t\t\t\t<\/div>\n\t\t","protected":false},"excerpt":{"rendered":"<pre><strong>Otras variantes disponibles:<\/strong>\r\n<strong><a href=\"https:\/\/www.cieffeplast.com\/es\/producto\/bridas-de-identificacion-con-etiqueta-tipo-1\/\">Bridas de identificaci\u00f3n con etiqueta DEBAJO cabezal<\/a>, tipo 1 peque\u00f1a<\/strong>\r\n<strong><a href=\"https:\/\/www.cieffeplast.com\/es\/producto\/bridas-de-identificacion-con-etiqueta-tipo-3\/\">Bridas de identificaci\u00f3n con etiqueta DEBAJO cabezal,<\/a> tipo 3 grande<\/strong><\/pre>\n<p>Bridas de cables fabricadas en nylon PA6.6, en color natural, se recomiendan para la sujeci\u00f3n e identificaci\u00f3n de cableados el\u00e9ctricos. A trav\u00e9s del sistema de enganche entre el diente y la cremallera se consigue la sujeci\u00f3n de varios di\u00e1metros. La etiqueta con dimensiones (20,4 x 9) mm es externa al cuerpo de la brida, est\u00e1 paralela al objeto sujeto y se puede escribir en su superficie con un rotulador.<\/p>\n","protected":false},"featured_media":7332,"template":"","meta":{"_acf_changed":false,"_sitemap_exclude":false,"_sitemap_priority":"","_sitemap_frequency":""},"product_brand":[],"product_cat":[243],"product_tag":[],"class_list":{"0":"post-8222","1":"product","2":"type-product","3":"status-publish","4":"has-post-thumbnail","6":"product_cat-bridas-de-plastico","8":"first","9":"instock","10":"shipping-taxable","11":"purchasable","12":"product-type-variable","13":"has-default-attributes"},"acf":[],"_links":{"self":[{"href":"https:\/\/www.cieffeplast.com\/es\/wp-json\/wp\/v2\/product\/8222","targetHints":{"allow":["GET"]}}],"collection":[{"href":"https:\/\/www.cieffeplast.com\/es\/wp-json\/wp\/v2\/product"}],"about":[{"href":"https:\/\/www.cieffeplast.com\/es\/wp-json\/wp\/v2\/types\/product"}],"wp:featuredmedia":[{"embeddable":true,"href":"https:\/\/www.cieffeplast.com\/es\/wp-json\/wp\/v2\/media\/7332"}],"wp:attachment":[{"href":"https:\/\/www.cieffeplast.com\/es\/wp-json\/wp\/v2\/media?parent=8222"}],"wp:term":[{"taxonomy":"product_brand","embeddable":true,"href":"https:\/\/www.cieffeplast.com\/es\/wp-json\/wp\/v2\/product_brand?post=8222"},{"taxonomy":"product_cat","embeddable":true,"href":"https:\/\/www.cieffeplast.com\/es\/wp-json\/wp\/v2\/product_cat?post=8222"},{"taxonomy":"product_tag","embeddable":true,"href":"https:\/\/www.cieffeplast.com\/es\/wp-json\/wp\/v2\/product_tag?post=8222"}],"curies":[{"name":"wp","href":"https:\/\/api.w.org\/{rel}","templated":true}]}}